{"id":103,"date":"2026-02-01T20:19:08","date_gmt":"2026-02-01T20:19:08","guid":{"rendered":"https:\/\/vidaeni.com.br\/?page_id=103"},"modified":"2026-02-18T21:49:22","modified_gmt":"2026-02-18T21:49:22","slug":"eni-cuidar-e-nossa-missao","status":"publish","type":"page","link":"https:\/\/vidaeni.com.br\/","title":{"rendered":"ENI cuidar \u00e9 nossa miss\u00e3o."},"content":{"rendered":"\t\t<div data-elementor-type=\"wp-post\" data-elementor-id=\"103\" class=\"elementor elementor-103\">\n\t\t\t\t<div class=\"elementor-element elementor-element-bf67b6b e-flex e-con-boxed e-con e-parent\" data-id=\"bf67b6b\" data-element_type=\"container\">\n\t\t\t\t\t<div class=\"e-con-inner\">\n\t\t\t\t<div class=\"elementor-element elementor-element-43bb2fe elementor-widget elementor-widget-heading\" data-id=\"43bb2fe\" data-element_type=\"widget\" data-widget_type=\"heading.default\">\n\t\t\t\t\t<h2 class=\"elementor-heading-title elementor-size-default\"> \"ENI -Ci\u00eancia, Emo\u00e7\u00f5es e Intestino em Harmonia.\"<\/h2>\t\t\t\t<\/div>\n\t\t\t\t\t<\/div>\n\t\t\t\t<\/div>\n\t\t<div class=\"elementor-element elementor-element-250083c e-flex e-con-boxed e-con e-parent\" data-id=\"250083c\" data-element_type=\"container\">\n\t\t\t\t\t<div class=\"e-con-inner\">\n\t\t\t\t<div class=\"elementor-element elementor-element-c8a1fb2 elementor-drop-cap-yes elementor-drop-cap-view-default elementor-widget elementor-widget-text-editor\" data-id=\"c8a1fb2\" data-element_type=\"widget\" data-settings=\"{&quot;drop_cap&quot;:&quot;yes&quot;}\" data-widget_type=\"text-editor.default\">\n\t\t\t\t\t\t\t\t\t<p>A constipa\u00e7\u00e3o nunca vem sozinha. Sempre est\u00e1\u00a0 acompanhada de irrita\u00e7\u00e3o, cansa\u00e7o, ansiedade e uma sensa\u00e7\u00e3o constante de mal-estar. \u00c9 como se o corpo estivesse sempre em alerta.\u00a0<\/p><p>Se voc\u00ea se identificou? Est\u00e1 mentoria \u00e9 para voc\u00ea.<\/p>\t\t\t\t\t\t\t\t<\/div>\n\t\t\t\t<div class=\"elementor-element elementor-element-3768715 elementor-widget elementor-widget-video\" data-id=\"3768715\" data-element_type=\"widget\" data-settings=\"{&quot;video_type&quot;:&quot;hosted&quot;,&quot;autoplay&quot;:&quot;yes&quot;,&quot;play_on_mobile&quot;:&quot;yes&quot;,&quot;loop&quot;:&quot;yes&quot;,&quot;controls&quot;:&quot;yes&quot;}\" data-widget_type=\"video.default\">\n\t\t\t\t\t\t\t<div class=\"e-hosted-video elementor-wrapper elementor-open-inline\">\n\t\t\t\t\t<video class=\"elementor-video\" src=\"https:\/\/vidaeni.com.br\/wp-content\/uploads\/2026\/01\/VID-20260114-WA0039-1.mp4\" autoplay=\"\" loop=\"\" controls=\"\" playsinline=\"\" controlsList=\"nodownload\" poster=\"https:\/\/vidaeni.com.br\/wp-content\/uploads\/2026\/01\/cropped-1769539786844-1.png\"><\/video>\n\t\t\t\t<\/div>\n\t\t\t\t\t\t<\/div>\n\t\t\t\t<div class=\"elementor-element elementor-element-29067af elementor-widget elementor-widget-image\" data-id=\"29067af\" data-element_type=\"widget\" data-widget_type=\"image.default\">\n\t\t\t\t\t\t\t\t\t\t\t\t\t\t\t<img fetchpriority=\"high\" decoding=\"async\" width=\"1024\" height=\"576\" src=\"https:\/\/vidaeni.com.br\/wp-content\/uploads\/2026\/01\/1_20260130_202543_0000-1024x576.png\" class=\"attachment-large size-large wp-image-63\" alt=\"\" srcset=\"https:\/\/vidaeni.com.br\/wp-content\/uploads\/2026\/01\/1_20260130_202543_0000-1024x576.png 1024w, https:\/\/vidaeni.com.br\/wp-content\/uploads\/2026\/01\/1_20260130_202543_0000-300x169.png 300w, https:\/\/vidaeni.com.br\/wp-content\/uploads\/2026\/01\/1_20260130_202543_0000-768x432.png 768w, https:\/\/vidaeni.com.br\/wp-content\/uploads\/2026\/01\/1_20260130_202543_0000.png 1366w\" sizes=\"(max-width: 1024px) 100vw, 1024px\" \/>\t\t\t\t\t\t\t\t\t\t\t\t\t\t\t<\/div>\n\t\t\t\t<div class=\"elementor-element elementor-element-97badbb elementor-button-success elementor-widget elementor-widget-button\" data-id=\"97badbb\" data-element_type=\"widget\" data-widget_type=\"button.default\">\n\t\t\t\t\t\t\t\t\t\t<a class=\"elementor-button elementor-button-link elementor-size-sm\" href=\"https:\/\/mpago.la\/22GaiVp\">\n\t\t\t\t\t\t<span class=\"elementor-button-content-wrapper\">\n\t\t\t\t\t\t\t\t\t<span class=\"elementor-button-text\">\u2763\ufe0f  Quero entrar mentoria <\/span>\n\t\t\t\t\t<\/span>\n\t\t\t\t\t<\/a>\n\t\t\t\t\t\t\t\t<\/div>\n\t\t\t\t<div class=\"elementor-element elementor-element-615189f elementor-widget elementor-widget-image\" data-id=\"615189f\" data-element_type=\"widget\" data-widget_type=\"image.default\">\n\t\t\t\t\t\t\t\t\t\t\t\t\t\t\t<img decoding=\"async\" width=\"1024\" height=\"630\" src=\"https:\/\/vidaeni.com.br\/wp-content\/uploads\/2026\/01\/7_20260130_202543_0006-1024x630.png\" class=\"attachment-large size-large wp-image-59\" alt=\"\" srcset=\"https:\/\/vidaeni.com.br\/wp-content\/uploads\/2026\/01\/7_20260130_202543_0006-1024x630.png 1024w, https:\/\/vidaeni.com.br\/wp-content\/uploads\/2026\/01\/7_20260130_202543_0006-300x184.png 300w, https:\/\/vidaeni.com.br\/wp-content\/uploads\/2026\/01\/7_20260130_202543_0006-768x472.png 768w, https:\/\/vidaeni.com.br\/wp-content\/uploads\/2026\/01\/7_20260130_202543_0006.png 1366w\" sizes=\"(max-width: 1024px) 100vw, 1024px\" \/>\t\t\t\t\t\t\t\t\t\t\t\t\t\t\t<\/div>\n\t\t\t\t<div class=\"elementor-element elementor-element-1bd185a elementor-widget elementor-widget-image\" data-id=\"1bd185a\" data-element_type=\"widget\" data-widget_type=\"image.default\">\n\t\t\t\t\t\t\t\t\t\t\t\t\t\t\t<img decoding=\"async\" width=\"1024\" height=\"576\" src=\"https:\/\/vidaeni.com.br\/wp-content\/uploads\/2026\/01\/3_20260130_202543_0002-1024x576.png\" class=\"attachment-large size-large wp-image-65\" alt=\"\" srcset=\"https:\/\/vidaeni.com.br\/wp-content\/uploads\/2026\/01\/3_20260130_202543_0002-1024x576.png 1024w, https:\/\/vidaeni.com.br\/wp-content\/uploads\/2026\/01\/3_20260130_202543_0002-300x169.png 300w, https:\/\/vidaeni.com.br\/wp-content\/uploads\/2026\/01\/3_20260130_202543_0002-768x432.png 768w, https:\/\/vidaeni.com.br\/wp-content\/uploads\/2026\/01\/3_20260130_202543_0002.png 1366w\" sizes=\"(max-width: 1024px) 100vw, 1024px\" \/>\t\t\t\t\t\t\t\t\t\t\t\t\t\t\t<\/div>\n\t\t\t\t<div class=\"elementor-element elementor-element-11be5ec elementor-widget elementor-widget-image\" data-id=\"11be5ec\" data-element_type=\"widget\" data-widget_type=\"image.default\">\n\t\t\t\t\t\t\t\t\t\t\t\t\t\t\t<img loading=\"lazy\" decoding=\"async\" width=\"1024\" height=\"576\" src=\"https:\/\/vidaeni.com.br\/wp-content\/uploads\/2026\/01\/2_20260130_202543_0001-1024x576.png\" class=\"attachment-large size-large wp-image-64\" alt=\"\" srcset=\"https:\/\/vidaeni.com.br\/wp-content\/uploads\/2026\/01\/2_20260130_202543_0001-1024x576.png 1024w, https:\/\/vidaeni.com.br\/wp-content\/uploads\/2026\/01\/2_20260130_202543_0001-300x169.png 300w, https:\/\/vidaeni.com.br\/wp-content\/uploads\/2026\/01\/2_20260130_202543_0001-768x432.png 768w, https:\/\/vidaeni.com.br\/wp-content\/uploads\/2026\/01\/2_20260130_202543_0001.png 1366w\" sizes=\"(max-width: 1024px) 100vw, 1024px\" \/>\t\t\t\t\t\t\t\t\t\t\t\t\t\t\t<\/div>\n\t\t\t\t<div class=\"elementor-element elementor-element-19e6431 elementor-widget elementor-widget-image\" data-id=\"19e6431\" data-element_type=\"widget\" data-widget_type=\"image.default\">\n\t\t\t\t\t\t\t\t\t\t\t\t\t\t\t<img loading=\"lazy\" decoding=\"async\" width=\"1024\" height=\"576\" src=\"https:\/\/vidaeni.com.br\/wp-content\/uploads\/2026\/01\/6_20260130_202543_0005-1024x576.png\" class=\"attachment-large size-large wp-image-60\" alt=\"\" srcset=\"https:\/\/vidaeni.com.br\/wp-content\/uploads\/2026\/01\/6_20260130_202543_0005-1024x576.png 1024w, https:\/\/vidaeni.com.br\/wp-content\/uploads\/2026\/01\/6_20260130_202543_0005-300x169.png 300w, https:\/\/vidaeni.com.br\/wp-content\/uploads\/2026\/01\/6_20260130_202543_0005-768x432.png 768w, https:\/\/vidaeni.com.br\/wp-content\/uploads\/2026\/01\/6_20260130_202543_0005.png 1366w\" sizes=\"(max-width: 1024px) 100vw, 1024px\" \/>\t\t\t\t\t\t\t\t\t\t\t\t\t\t\t<\/div>\n\t\t\t\t<div class=\"elementor-element elementor-element-128438c elementor-widget elementor-widget-image\" data-id=\"128438c\" data-element_type=\"widget\" data-widget_type=\"image.default\">\n\t\t\t\t\t\t\t\t\t\t\t\t\t\t\t<img loading=\"lazy\" decoding=\"async\" width=\"1024\" height=\"576\" src=\"https:\/\/vidaeni.com.br\/wp-content\/uploads\/2026\/01\/5_20260130_202543_0004-1024x576.png\" class=\"attachment-large size-large wp-image-61\" alt=\"\" srcset=\"https:\/\/vidaeni.com.br\/wp-content\/uploads\/2026\/01\/5_20260130_202543_0004-1024x576.png 1024w, https:\/\/vidaeni.com.br\/wp-content\/uploads\/2026\/01\/5_20260130_202543_0004-300x169.png 300w, https:\/\/vidaeni.com.br\/wp-content\/uploads\/2026\/01\/5_20260130_202543_0004-768x432.png 768w, https:\/\/vidaeni.com.br\/wp-content\/uploads\/2026\/01\/5_20260130_202543_0004.png 1366w\" sizes=\"(max-width: 1024px) 100vw, 1024px\" \/>\t\t\t\t\t\t\t\t\t\t\t\t\t\t\t<\/div>\n\t\t\t\t<div class=\"elementor-element elementor-element-af25f66 elementor-button-success elementor-widget elementor-widget-button\" data-id=\"af25f66\" data-element_type=\"widget\" data-widget_type=\"button.default\">\n\t\t\t\t\t\t\t\t\t\t<a class=\"elementor-button elementor-button-link elementor-size-sm\" href=\"https:\/\/mpago.la\/22GaiVp\">\n\t\t\t\t\t\t<span class=\"elementor-button-content-wrapper\">\n\t\t\t\t\t\t\t\t\t<span class=\"elementor-button-text\">\u2763\ufe0f Quero entrar na mentoria <\/span>\n\t\t\t\t\t<\/span>\n\t\t\t\t\t<\/a>\n\t\t\t\t\t\t\t\t<\/div>\n\t\t\t\t<div class=\"elementor-element elementor-element-d1f6618 elementor-widget elementor-widget-image\" data-id=\"d1f6618\" data-element_type=\"widget\" data-widget_type=\"image.default\">\n\t\t\t\t\t\t\t\t\t\t\t\t\t\t\t<img loading=\"lazy\" decoding=\"async\" width=\"1024\" height=\"576\" src=\"https:\/\/vidaeni.com.br\/wp-content\/uploads\/2026\/01\/4_20260130_202543_0003-1024x576.png\" class=\"attachment-large size-large wp-image-62\" alt=\"\" srcset=\"https:\/\/vidaeni.com.br\/wp-content\/uploads\/2026\/01\/4_20260130_202543_0003-1024x576.png 1024w, https:\/\/vidaeni.com.br\/wp-content\/uploads\/2026\/01\/4_20260130_202543_0003-300x169.png 300w, https:\/\/vidaeni.com.br\/wp-content\/uploads\/2026\/01\/4_20260130_202543_0003-768x432.png 768w, https:\/\/vidaeni.com.br\/wp-content\/uploads\/2026\/01\/4_20260130_202543_0003.png 1366w\" sizes=\"(max-width: 1024px) 100vw, 1024px\" \/>\t\t\t\t\t\t\t\t\t\t\t\t\t\t\t<\/div>\n\t\t\t\t\t<\/div>\n\t\t\t\t<\/div>\n\t\t<div class=\"elementor-element elementor-element-8b64b8e e-flex e-con-boxed e-con e-parent\" data-id=\"8b64b8e\" data-element_type=\"container\">\n\t\t\t\t\t<div class=\"e-con-inner\">\n\t\t\t\t\t<\/div>\n\t\t\t\t<\/div>\n\t\t\t\t<\/div>\n\t\t","protected":false},"excerpt":{"rendered":"<p>&#8220;ENI -Ci\u00eancia, Emo\u00e7\u00f5es e Intestino em Harmonia.&#8221; A constipa\u00e7\u00e3o nunca vem sozinha. Sempre est\u00e1\u00a0 acompanhada de irrita\u00e7\u00e3o, cansa\u00e7o, ansiedade e uma sensa\u00e7\u00e3o constante de mal-estar. \u00c9 como se o corpo estivesse sempre em alerta.\u00a0 Se voc\u00ea se identificou? Est\u00e1 mentoria \u00e9 para voc\u00ea. https:\/\/vidaeni.com.br\/wp-content\/uploads\/2026\/01\/VID-20260114-WA0039-1.mp4 \u2763\ufe0f Quero entrar mentoria \u2763\ufe0f Quero entrar na mentoria<\/p>\n","protected":false},"author":1,"featured_media":0,"parent":0,"menu_order":0,"comment_status":"closed","ping_status":"closed","template":"page-no-title","meta":{"footnotes":""},"class_list":["post-103","page","type-page","status-publish","hentry"],"_links":{"self":[{"href":"https:\/\/vidaeni.com.br\/index.php\/wp-json\/wp\/v2\/pages\/103","targetHints":{"allow":["GET"]}}],"collection":[{"href":"https:\/\/vidaeni.com.br\/index.php\/wp-json\/wp\/v2\/pages"}],"about":[{"href":"https:\/\/vidaeni.com.br\/index.php\/wp-json\/wp\/v2\/types\/page"}],"author":[{"embeddable":true,"href":"https:\/\/vidaeni.com.br\/index.php\/wp-json\/wp\/v2\/users\/1"}],"replies":[{"embeddable":true,"href":"https:\/\/vidaeni.com.br\/index.php\/wp-json\/wp\/v2\/comments?post=103"}],"version-history":[{"count":19,"href":"https:\/\/vidaeni.com.br\/index.php\/wp-json\/wp\/v2\/pages\/103\/revisions"}],"predecessor-version":[{"id":134,"href":"https:\/\/vidaeni.com.br\/index.php\/wp-json\/wp\/v2\/pages\/103\/revisions\/134"}],"wp:attachment":[{"href":"https:\/\/vidaeni.com.br\/index.php\/wp-json\/wp\/v2\/media?parent=103"}],"curies":[{"name":"wp","href":"https:\/\/api.w.org\/{rel}","templated":true}]}}